{"id":1864,"date":"2020-10-16T16:24:58","date_gmt":"2020-10-16T21:24:58","guid":{"rendered":"https:\/\/www.neirayasociados.com\/?page_id=1864"},"modified":"2020-10-16T16:33:58","modified_gmt":"2020-10-16T21:33:58","slug":"angel","status":"publish","type":"page","link":"https:\/\/www.neirayasociados.com\/en\/angel\/","title":{"rendered":"Angel Maria Daza L\u00f3pez"},"content":{"rendered":"<div  data-mk-stretch-content=\"true\" class=\"wpb_row vc_row vc_row-fluid  mk-fullwidth-false  attched-false     js-master-row  mk-grid\">\n\t\t\t\t\n<div class=\"vc_col-sm-12 wpb_column column_container   _ height-full\">\n\t\t<div class=\"vc_custom_1602883997622\">\n\n<div id=\"text-block-2\" class=\"mk-text-block\">\n\n\t\n\t<h3 style=\"text-align: center;\"><strong>ANGEL MAR\u00cdA DAZA L\u00d3PEZ<\/strong><br \/><strong>C\u00e9dula de Ciudadan\u00eda: <\/strong><br \/><strong>7.409.304<\/strong><\/h3>\n<h3 style=\"text-align: center;\"><strong>Tipo de sangre: <\/strong><br \/><strong>O (+) Positivo <\/strong><\/h3>\n<h3 style=\"text-align: center;\"><strong>Contactos de emergencia:<\/strong><br \/><strong>313 672 80 23 Madeleine Daza (Hija)<\/strong><br \/><strong>311 733 11 75 Camila Neira (Nieta)<\/strong><\/h3>\n\n\t<div class=\"clearboth\"><\/div>\n<\/div>\n\n\t<\/div>\n<\/div>\n\t<\/div>","protected":false},"excerpt":{"rendered":"ANGEL MAR\u00cdA DAZA L\u00d3PEZC\u00e9dula de Ciudadan\u00eda: 7.409.304 Tipo de sangre: O (+) Positivo Contactos de emergencia:313 672 80 23 Madeleine Daza (Hija)311 733 11 75 Camila Neira (Nieta)","protected":false},"author":1,"featured_media":0,"parent":0,"menu_order":0,"comment_status":"closed","ping_status":"closed","template":"","meta":{"footnotes":""},"class_list":["post-1864","page","type-page","status-publish","hentry"],"yoast_head":"<!-- This site is optimized with the Yoast SEO plugin v27.5 - https:\/\/yoast.com\/product\/yoast-seo-wordpress\/ -->\n<title>Angel Maria Daza L\u00f3pez - Neira y Asociados<\/title>\n<meta name=\"robots\" content=\"index, nofollow, max-snippet:-1, max-image-preview:large, max-video-preview:-1\" \/>\n<link rel=\"canonical\" href=\"https:\/\/www.neirayasociados.com\/en\/angel\/\" \/>\n<meta property=\"og:locale\" content=\"en_US\" \/>\n<meta property=\"og:type\" content=\"article\" \/>\n<meta property=\"og:title\" content=\"Angel Maria Daza L\u00f3pez - Neira y Asociados\" \/>\n<meta property=\"og:url\" content=\"https:\/\/www.neirayasociados.com\/en\/angel\/\" \/>\n<meta property=\"og:site_name\" content=\"Neira y Asociados\" \/>\n<meta property=\"article:publisher\" content=\"https:\/\/www.facebook.com\/neirayasociados\" \/>\n<meta property=\"article:modified_time\" content=\"2020-10-16T21:33:58+00:00\" \/>\n<meta name=\"twitter:card\" content=\"summary_large_image\" \/>\n<meta name=\"twitter:site\" content=\"@neirayasociados\" \/>\n<script type=\"application\/ld+json\" class=\"yoast-schema-graph\">{\"@context\":\"https:\\\/\\\/schema.org\",\"@graph\":[{\"@type\":\"WebPage\",\"@id\":\"https:\\\/\\\/www.neirayasociados.com\\\/en\\\/angel\\\/\",\"url\":\"https:\\\/\\\/www.neirayasociados.com\\\/en\\\/angel\\\/\",\"name\":\"Angel Maria Daza L\u00f3pez - Neira y Asociados\",\"isPartOf\":{\"@id\":\"https:\\\/\\\/www.neirayasociados.com\\\/#website\"},\"datePublished\":\"2020-10-16T21:24:58+00:00\",\"dateModified\":\"2020-10-16T21:33:58+00:00\",\"breadcrumb\":{\"@id\":\"https:\\\/\\\/www.neirayasociados.com\\\/en\\\/angel\\\/#breadcrumb\"},\"inLanguage\":\"en-US\",\"potentialAction\":[{\"@type\":\"ReadAction\",\"target\":[\"https:\\\/\\\/www.neirayasociados.com\\\/en\\\/angel\\\/\"]}]},{\"@type\":\"BreadcrumbList\",\"@id\":\"https:\\\/\\\/www.neirayasociados.com\\\/en\\\/angel\\\/#breadcrumb\",\"itemListElement\":[{\"@type\":\"ListItem\",\"position\":1,\"name\":\"Portada\",\"item\":\"https:\\\/\\\/www.neirayasociados.com\\\/en\\\/\"},{\"@type\":\"ListItem\",\"position\":2,\"name\":\"Angel Maria Daza L\u00f3pez\"}]},{\"@type\":\"WebSite\",\"@id\":\"https:\\\/\\\/www.neirayasociados.com\\\/#website\",\"url\":\"https:\\\/\\\/www.neirayasociados.com\\\/\",\"name\":\"Neira y Asociados\",\"description\":\"Consultores\",\"publisher\":{\"@id\":\"https:\\\/\\\/www.neirayasociados.com\\\/#organization\"},\"potentialAction\":[{\"@type\":\"SearchAction\",\"target\":{\"@type\":\"EntryPoint\",\"urlTemplate\":\"https:\\\/\\\/www.neirayasociados.com\\\/?s={search_term_string}\"},\"query-input\":{\"@type\":\"PropertyValueSpecification\",\"valueRequired\":true,\"valueName\":\"search_term_string\"}}],\"inLanguage\":\"en-US\"},{\"@type\":\"Organization\",\"@id\":\"https:\\\/\\\/www.neirayasociados.com\\\/#organization\",\"name\":\"Neira y asociados\",\"url\":\"https:\\\/\\\/www.neirayasociados.com\\\/\",\"logo\":{\"@type\":\"ImageObject\",\"inLanguage\":\"en-US\",\"@id\":\"https:\\\/\\\/www.neirayasociados.com\\\/#\\\/schema\\\/logo\\\/image\\\/\",\"url\":\"https:\\\/\\\/www.neirayasociados.com\\\/wp-content\\\/uploads\\\/2018\\\/04\\\/favico-16x16-02.png\",\"contentUrl\":\"https:\\\/\\\/www.neirayasociados.com\\\/wp-content\\\/uploads\\\/2018\\\/04\\\/favico-16x16-02.png\",\"width\":67,\"height\":58,\"caption\":\"Neira y asociados\"},\"image\":{\"@id\":\"https:\\\/\\\/www.neirayasociados.com\\\/#\\\/schema\\\/logo\\\/image\\\/\"},\"sameAs\":[\"https:\\\/\\\/www.facebook.com\\\/neirayasociados\",\"https:\\\/\\\/x.com\\\/neirayasociados\",\"https:\\\/\\\/www.instagram.com\\\/neirayasociados\"]}]}<\/script>\n<!-- \/ Yoast SEO plugin. -->","yoast_head_json":{"title":"Angel Maria Daza L\u00f3pez - Neira y Asociados","robots":{"index":"index","follow":"nofollow","max-snippet":"max-snippet:-1","max-image-preview":"max-image-preview:large","max-video-preview":"max-video-preview:-1"},"canonical":"https:\/\/www.neirayasociados.com\/en\/angel\/","og_locale":"en_US","og_type":"article","og_title":"Angel Maria Daza L\u00f3pez - Neira y Asociados","og_url":"https:\/\/www.neirayasociados.com\/en\/angel\/","og_site_name":"Neira y Asociados","article_publisher":"https:\/\/www.facebook.com\/neirayasociados","article_modified_time":"2020-10-16T21:33:58+00:00","twitter_card":"summary_large_image","twitter_site":"@neirayasociados","schema":{"@context":"https:\/\/schema.org","@graph":[{"@type":"WebPage","@id":"https:\/\/www.neirayasociados.com\/en\/angel\/","url":"https:\/\/www.neirayasociados.com\/en\/angel\/","name":"Angel Maria Daza L\u00f3pez - Neira y Asociados","isPartOf":{"@id":"https:\/\/www.neirayasociados.com\/#website"},"datePublished":"2020-10-16T21:24:58+00:00","dateModified":"2020-10-16T21:33:58+00:00","breadcrumb":{"@id":"https:\/\/www.neirayasociados.com\/en\/angel\/#breadcrumb"},"inLanguage":"en-US","potentialAction":[{"@type":"ReadAction","target":["https:\/\/www.neirayasociados.com\/en\/angel\/"]}]},{"@type":"BreadcrumbList","@id":"https:\/\/www.neirayasociados.com\/en\/angel\/#breadcrumb","itemListElement":[{"@type":"ListItem","position":1,"name":"Portada","item":"https:\/\/www.neirayasociados.com\/en\/"},{"@type":"ListItem","position":2,"name":"Angel Maria Daza L\u00f3pez"}]},{"@type":"WebSite","@id":"https:\/\/www.neirayasociados.com\/#website","url":"https:\/\/www.neirayasociados.com\/","name":"Neira y Asociados","description":"Consultores","publisher":{"@id":"https:\/\/www.neirayasociados.com\/#organization"},"potentialAction":[{"@type":"SearchAction","target":{"@type":"EntryPoint","urlTemplate":"https:\/\/www.neirayasociados.com\/?s={search_term_string}"},"query-input":{"@type":"PropertyValueSpecification","valueRequired":true,"valueName":"search_term_string"}}],"inLanguage":"en-US"},{"@type":"Organization","@id":"https:\/\/www.neirayasociados.com\/#organization","name":"Neira y asociados","url":"https:\/\/www.neirayasociados.com\/","logo":{"@type":"ImageObject","inLanguage":"en-US","@id":"https:\/\/www.neirayasociados.com\/#\/schema\/logo\/image\/","url":"https:\/\/www.neirayasociados.com\/wp-content\/uploads\/2018\/04\/favico-16x16-02.png","contentUrl":"https:\/\/www.neirayasociados.com\/wp-content\/uploads\/2018\/04\/favico-16x16-02.png","width":67,"height":58,"caption":"Neira y asociados"},"image":{"@id":"https:\/\/www.neirayasociados.com\/#\/schema\/logo\/image\/"},"sameAs":["https:\/\/www.facebook.com\/neirayasociados","https:\/\/x.com\/neirayasociados","https:\/\/www.instagram.com\/neirayasociados"]}]}},"_links":{"self":[{"href":"https:\/\/www.neirayasociados.com\/en\/wp-json\/wp\/v2\/pages\/1864","targetHints":{"allow":["GET"]}}],"collection":[{"href":"https:\/\/www.neirayasociados.com\/en\/wp-json\/wp\/v2\/pages"}],"about":[{"href":"https:\/\/www.neirayasociados.com\/en\/wp-json\/wp\/v2\/types\/page"}],"author":[{"embeddable":true,"href":"https:\/\/www.neirayasociados.com\/en\/wp-json\/wp\/v2\/users\/1"}],"replies":[{"embeddable":true,"href":"https:\/\/www.neirayasociados.com\/en\/wp-json\/wp\/v2\/comments?post=1864"}],"version-history":[{"count":4,"href":"https:\/\/www.neirayasociados.com\/en\/wp-json\/wp\/v2\/pages\/1864\/revisions"}],"predecessor-version":[{"id":1868,"href":"https:\/\/www.neirayasociados.com\/en\/wp-json\/wp\/v2\/pages\/1864\/revisions\/1868"}],"wp:attachment":[{"href":"https:\/\/www.neirayasociados.com\/en\/wp-json\/wp\/v2\/media?parent=1864"}],"curies":[{"name":"wp","href":"https:\/\/api.w.org\/{rel}","templated":true}]}}